{"id":849,"date":"2025-07-30T14:30:17","date_gmt":"2025-07-30T12:30:17","guid":{"rendered":"https:\/\/monticellospa.it\/?page_id=849"},"modified":"2025-09-25T13:35:06","modified_gmt":"2025-09-25T11:35:06","slug":"work-with-us","status":"publish","type":"page","link":"https:\/\/monticellospa.it\/en\/work-with-us\/","title":{"rendered":"Work with us"},"content":{"rendered":"<div data-elementor-type=\"wp-page\" data-elementor-id=\"849\" class=\"elementor elementor-849\" data-elementor-post-type=\"page\">\n\t\t\t\t<section class=\"elementor-element elementor-element-35dd4fb e-flex e-con-boxed e-con e-parent\" data-id=\"35dd4fb\" data-element_type=\"container\" data-settings=\"{&quot;jet_parallax_layout_list&quot;:[],&quot;ekit_has_onepagescroll_dot&quot;:&quot;yes&quot;}\">\n\t\t\t\t\t<div class=\"e-con-inner\">\n\t\t<article class=\"elementor-element elementor-element-3ff782a e-con-full e-flex e-con e-child\" data-id=\"3ff782a\" data-element_type=\"container\" data-settings=\"{&quot;background_background&quot;:&quot;classic&quot;,&quot;jet_parallax_layout_list&quot;:[],&quot;ekit_has_onepagescroll_dot&quot;:&quot;yes&quot;}\">\n\t\t\t\t<div class=\"elementor-element elementor-element-2372c65 elementor-widget__width-inherit elementor-widget elementor-widget-heading\" data-id=\"2372c65\" data-element_type=\"widget\" data-widget_type=\"heading.default\">\n\t\t\t\t<div class=\"elementor-widget-container\">\n\t\t\t\t\t<h2 class=\"elementor-heading-title elementor-size-default\">Work with Us\n<\/h2>\t\t\t\t<\/div>\n\t\t\t\t<\/div>\n\t\t\t\t<div class=\"elementor-element elementor-element-3d6a36e elementor-widget__width-inherit elementor-widget elementor-widget-text-editor\" data-id=\"3d6a36e\" data-element_type=\"widget\" data-widget_type=\"text-editor.default\">\n\t\t\t\t<div class=\"elementor-widget-container\">\n\t\t\t\t\t\t\t\t\t<p class=\"sqsrte-large preFade fadeIn\" style=\"text-align: center;\">Monticello SPA is looking for new professionals to join its workforce.<br \/>Those interested can send their CVs to\u00a0<a href=\"mailto:gcavenago@monticellospa.it\">gcavenago@monticellospa.it<\/a>\u00a0or fill in the\u00a0<a href=\"#form\">form<\/a>.<\/p>\t\t\t\t\t\t\t\t<\/div>\n\t\t\t\t<\/div>\n\t\t\t\t<\/article>\n\t\t\t\t\t<\/div>\n\t\t\t\t<\/section>\n\t\t<div class=\"elementor-element elementor-element-6ec17c3 e-flex e-con-boxed e-con e-parent\" data-id=\"6ec17c3\" data-element_type=\"container\" data-settings=\"{&quot;jet_parallax_layout_list&quot;:[],&quot;ekit_has_onepagescroll_dot&quot;:&quot;yes&quot;}\">\n\t\t\t\t\t<div class=\"e-con-inner\">\n\t\t\t\t<div class=\"elementor-element elementor-element-3be1c75 elementor-widget__width-inherit elementor-widget elementor-widget-heading\" data-id=\"3be1c75\" data-element_type=\"widget\" data-widget_type=\"heading.default\">\n\t\t\t\t<div class=\"elementor-widget-container\">\n\t\t\t\t\t<h3 class=\"elementor-heading-title elementor-size-default\">Browse the open positions and reply.<\/h3>\t\t\t\t<\/div>\n\t\t\t\t<\/div>\n\t\t\t\t<div class=\"elementor-element elementor-element-cced790 elementor-widget__width-inherit elementor-widget elementor-widget-text-editor\" data-id=\"cced790\" data-element_type=\"widget\" data-widget_type=\"text-editor.default\">\n\t\t\t\t<div class=\"elementor-widget-container\">\n\t\t\t\t\t\t\t\t\t<p><strong>FITNESS INSTRUCTOR<\/strong><\/p><p><strong>Certified ambisex professional instructors of advanced fitness disciplines such as Yoga, Pilates, Spinning, Zumba, Toning, Step. <\/strong><\/p><p><em>VAT number required<\/em><\/p><p>The ideal candidate holds a degree in Sports Science or certified sports qualifications, is available to work on weekends, and has excellent interpersonal skills. They should also be capable of developing their own fitness programs, in line with the company group\u2019s quality standards and growth objectives.<\/p><p>This announcement is addressed to both sexes in accordance with Law 903\/77, there are no age or nationality limits. Applications without authorisation to process personal data pursuant to Legislative Decree 196 of 30 June 2003 and Article 13 GDPR (EU Regulation 2016\/679) for the purposes of personnel search and selection will not be taken into consideration.<\/p><p><strong>Employment contract: Part-time, VAT number<\/strong><\/p>\t\t\t\t\t\t\t\t<\/div>\n\t\t\t\t<\/div>\n\t\t\t\t<div class=\"elementor-element elementor-element-b356461 elementor-widget__width-inherit elementor-widget elementor-widget-text-editor\" data-id=\"b356461\" data-element_type=\"widget\" data-widget_type=\"text-editor.default\">\n\t\t\t\t<div class=\"elementor-widget-container\">\n\t\t\t\t\t\t\t\t\t<p><strong>More research:<\/strong><\/p><p>CATERING STAFF<br \/>MAINTENANCE WORKERS<br \/>LIFEGUARDS<br \/>MASSAGERS<br \/>RECEPTIONIST<\/p>\t\t\t\t\t\t\t\t<\/div>\n\t\t\t\t<\/div>\n\t\t\t\t<div class=\"elementor-element elementor-element-fe61cff elementor-widget__width-inherit elementor-widget elementor-widget-heading\" data-id=\"fe61cff\" data-element_type=\"widget\" data-widget_type=\"heading.default\">\n\t\t\t\t<div class=\"elementor-widget-container\">\n\t\t\t\t\t<h3 class=\"elementor-heading-title elementor-size-default\">Send your application<\/h3>\t\t\t\t<\/div>\n\t\t\t\t<\/div>\n\t\t\t\t<div class=\"elementor-element elementor-element-a4eca75 elementor-widget__width-inherit elementor-widget elementor-widget-text-editor\" data-id=\"a4eca75\" data-element_type=\"widget\" data-widget_type=\"text-editor.default\">\n\t\t\t\t<div class=\"elementor-widget-container\">\n\t\t\t\t\t\t\t\t\t<p>To the email address at <a href=\"mailto:gcavenago@monticellospa.it\">gcavenago<\/a><a href=\"mailto:federica.atza@monticellospa.it\">@monticellospa.co.uk<\/a> or by filling in the following form:<\/p>\t\t\t\t\t\t\t\t<\/div>\n\t\t\t\t<\/div>\n\t\t\t\t<div class=\"elementor-element elementor-element-7b274bc elementor-button-align-stretch elementor-widget elementor-widget-form\" data-id=\"7b274bc\" data-element_type=\"widget\" id=\"form\" data-settings=\"{&quot;step_next_label&quot;:&quot;Next&quot;,&quot;step_previous_label&quot;:&quot;Previous&quot;,&quot;button_width&quot;:&quot;100&quot;,&quot;step_type&quot;:&quot;number_text&quot;,&quot;step_icon_shape&quot;:&quot;circle&quot;}\" data-widget_type=\"form.default\">\n\t\t\t\t<div class=\"elementor-widget-container\">\n\t\t\t\t\t\t\t<form class=\"elementor-form\" method=\"post\" name=\"Candidature\" action=\"\">\n\t\t\t<input type=\"hidden\" name=\"post_id\" value=\"849\"\/>\n\t\t\t<input type=\"hidden\" name=\"form_id\" value=\"7b274bc\"\/>\n\t\t\t<input type=\"hidden\" name=\"referer_title\" value=\"\" \/>\n\n\t\t\t\n\t\t\t<div class=\"elementor-form-fields-wrapper elementor-labels-above\">\n\t\t\t\t\t\t\t\t<div class=\"elementor-field-type-text elementor-field-group elementor-column elementor-field-group-name elementor-col-50 elementor-field-required elementor-mark-required\">\n\t\t\t\t\t\t\t\t\t\t\t\t<label for=\"form-field-name\" class=\"elementor-field-label\">\n\t\t\t\t\t\t\t\tName\t\t\t\t\t\t\t<\/label>\n\t\t\t\t\t\t\t\t\t\t\t\t\t\t<input size=\"1\" type=\"text\" name=\"form_fields[name]\" id=\"form-field-name\" class=\"elementor-field elementor-size-sm  elementor-field-textual\" placeholder=\"Name\" required=\"required\">\n\t\t\t\t\t\t\t\t\t\t\t<\/div>\n\t\t\t\t\t\t\t\t<div class=\"elementor-field-type-text elementor-field-group elementor-column elementor-field-group-field_447342b elementor-col-50 elementor-field-required elementor-mark-required\">\n\t\t\t\t\t\t\t\t\t\t\t\t<label for=\"form-field-field_447342b\" class=\"elementor-field-label\">\n\t\t\t\t\t\t\t\tSurname\t\t\t\t\t\t\t<\/label>\n\t\t\t\t\t\t\t\t\t\t\t\t\t\t<input size=\"1\" type=\"text\" name=\"form_fields[field_447342b]\" id=\"form-field-field_447342b\" class=\"elementor-field elementor-size-sm  elementor-field-textual\" placeholder=\"Surname\" required=\"required\">\n\t\t\t\t\t\t\t\t\t\t\t<\/div>\n\t\t\t\t\t\t\t\t<div class=\"elementor-field-type-email elementor-field-group elementor-column elementor-field-group-email elementor-col-50 elementor-field-required elementor-mark-required\">\n\t\t\t\t\t\t\t\t\t\t\t\t<label for=\"form-field-email\" class=\"elementor-field-label\">\n\t\t\t\t\t\t\t\tEmail\t\t\t\t\t\t\t<\/label>\n\t\t\t\t\t\t\t\t\t\t\t\t\t\t<input size=\"1\" type=\"email\" name=\"form_fields[email]\" id=\"form-field-email\" class=\"elementor-field elementor-size-sm  elementor-field-textual\" placeholder=\"Email address\" required=\"required\">\n\t\t\t\t\t\t\t\t\t\t\t<\/div>\n\t\t\t\t\t\t\t\t<div class=\"elementor-field-type-tel elementor-field-group elementor-column elementor-field-group-field_b4df086 elementor-col-50 elementor-field-required elementor-mark-required\">\n\t\t\t\t\t\t\t\t\t\t\t\t<label for=\"form-field-field_b4df086\" class=\"elementor-field-label\">\n\t\t\t\t\t\t\t\tPhone\t\t\t\t\t\t\t<\/label>\n\t\t\t\t\t\t\t\t<input size=\"1\" type=\"tel\" name=\"form_fields[field_b4df086]\" id=\"form-field-field_b4df086\" class=\"elementor-field elementor-size-sm  elementor-field-textual\" placeholder=\"Telephone Number\" required=\"required\" pattern=\"[0-9()#&amp;+*-=.]+\" title=\"Only numbers and phone characters (#, -, *, etc) are accepted.\">\n\n\t\t\t\t\t\t<\/div>\n\t\t\t\t\t\t\t\t<div class=\"elementor-field-type-checkbox elementor-field-group elementor-column elementor-field-group-field_1d54173 elementor-col-100\">\n\t\t\t\t\t\t\t\t\t\t\t\t<label for=\"form-field-field_1d54173\" class=\"elementor-field-label\">\n\t\t\t\t\t\t\t\tposition\t\t\t\t\t\t\t<\/label>\n\t\t\t\t\t\t<div class=\"elementor-field-subgroup\"><span class=\"elementor-field-option\"><input type=\"checkbox\" value=\"addetto alla ristorazione\" id=\"form-field-field_1d54173-0\" name=\"form_fields[field_1d54173][]\"> <label for=\"form-field-field_1d54173-0\">caterer<\/label><\/span><span class=\"elementor-field-option\"><input type=\"checkbox\" value=\"cuoco\/chef\" id=\"form-field-field_1d54173-1\" name=\"form_fields[field_1d54173][]\"> <label for=\"form-field-field_1d54173-1\">cook\/chef<\/label><\/span><span class=\"elementor-field-option\"><input type=\"checkbox\" value=\"manutentori operai\" id=\"form-field-field_1d54173-2\" name=\"form_fields[field_1d54173][]\"> <label for=\"form-field-field_1d54173-2\">maintenance workers<\/label><\/span><span class=\"elementor-field-option\"><input type=\"checkbox\" value=\"assistenti bagnanti\" id=\"form-field-field_1d54173-3\" name=\"form_fields[field_1d54173][]\"> <label for=\"form-field-field_1d54173-3\">lifeguards<\/label><\/span><span class=\"elementor-field-option\"><input type=\"checkbox\" value=\"massaggiatori\" id=\"form-field-field_1d54173-4\" name=\"form_fields[field_1d54173][]\"> <label for=\"form-field-field_1d54173-4\">masseurs<\/label><\/span><span class=\"elementor-field-option\"><input type=\"checkbox\" value=\"receptionist\" id=\"form-field-field_1d54173-5\" name=\"form_fields[field_1d54173][]\"> <label for=\"form-field-field_1d54173-5\">receptionist<\/label><\/span><span class=\"elementor-field-option\"><input type=\"checkbox\" value=\"istruttore fitness\" id=\"form-field-field_1d54173-6\" name=\"form_fields[field_1d54173][]\"> <label for=\"form-field-field_1d54173-6\">fitness instructor<\/label><\/span><\/div>\t\t\t\t<\/div>\n\t\t\t\t\t\t\t\t<div class=\"elementor-field-type-upload elementor-field-group elementor-column elementor-field-group-field_7fe7684 elementor-col-100 elementor-field-required elementor-mark-required\">\n\t\t\t\t\t\t\t\t\t\t\t\t<label for=\"form-field-field_7fe7684\" class=\"elementor-field-label\">\n\t\t\t\t\t\t\t\tUpload CV\t\t\t\t\t\t\t<\/label>\n\t\t\t\t\t\t\t\t<input type=\"file\" name=\"form_fields[field_7fe7684]\" id=\"form-field-field_7fe7684\" class=\"elementor-field elementor-size-sm  elementor-upload-field\" required=\"required\">\n\n\t\t\t\t\t\t<\/div>\n\t\t\t\t\t\t\t\t<div class=\"elementor-field-type-textarea elementor-field-group elementor-column elementor-field-group-field_7bb10cd elementor-col-100 elementor-field-required elementor-mark-required\">\n\t\t\t\t\t\t\t\t\t\t\t\t<label for=\"form-field-field_7bb10cd\" class=\"elementor-field-label\">\n\t\t\t\t\t\t\t\tMessage\t\t\t\t\t\t\t<\/label>\n\t\t\t\t\t\t<textarea class=\"elementor-field-textual elementor-field  elementor-size-sm\" name=\"form_fields[field_7bb10cd]\" id=\"form-field-field_7bb10cd\" rows=\"4\" placeholder=\"Message\" required=\"required\"><\/textarea>\t\t\t\t<\/div>\n\t\t\t\t\t\t\t\t<div class=\"elementor-field-type-acceptance elementor-field-group elementor-column elementor-field-group-field_aafa269 elementor-col-100 elementor-field-required elementor-mark-required\">\n\t\t\t\t\t\t\t<div class=\"elementor-field-subgroup\">\n\t\t\t<span class=\"elementor-field-option\">\n\t\t\t\t<input type=\"checkbox\" name=\"form_fields[field_aafa269]\" id=\"form-field-field_aafa269\" class=\"elementor-field elementor-size-sm  elementor-acceptance-field\" required=\"required\">\n\t\t\t\t<label for=\"form-field-field_aafa269\">I accept the<a href=\"https:\/\/monticellospa.it\/en\/privacy-policy\/\">Privacy Policy<\/a><\/label>\t\t\t<\/span>\n\t\t<\/div>\n\t\t\t\t\t\t<\/div>\n\t\t\t\t\t\t\t\t<div class=\"elementor-field-type-recaptcha_v3 elementor-field-group elementor-column elementor-field-group-field_e576abe elementor-col-100 recaptcha_v3-inline\">\n\t\t\t\t\t<div class=\"elementor-field\" id=\"form-field-field_e576abe\"><div class=\"elementor-g-recaptcha\" data-sitekey=\"6LejZ6kaAAAAAEyJ8rTRMQ8MFoAbQMT2G0CEB8K3\" data-type=\"v3\" data-action=\"Form\" data-badge=\"inline\" data-size=\"invisible\"><\/div><\/div>\t\t\t\t<\/div>\n\t\t\t\t\t\t\t\t<div class=\"elementor-field-group elementor-column elementor-field-type-submit elementor-col-100 e-form__buttons\">\n\t\t\t\t\t<button class=\"elementor-button elementor-size-sm\" type=\"submit\">\n\t\t\t\t\t\t<span class=\"elementor-button-content-wrapper\">\n\t\t\t\t\t\t\t\t\t\t\t\t\t\t\t\t\t\t\t\t\t\t<span class=\"elementor-button-text\">Send<\/span>\n\t\t\t\t\t\t\t\t\t\t\t\t\t<\/span>\n\t\t\t\t\t<\/button>\n\t\t\t\t<\/div>\n\t\t\t<\/div>\n\t\t<input type=\"hidden\" name=\"trp-form-language\" value=\"en\"\/><\/form>\n\t\t\t\t\t\t<\/div>\n\t\t\t\t<\/div>\n\t\t\t\t\t<\/div>\n\t\t\t\t<\/div>\n\t\t\t\t<\/div>","protected":false},"excerpt":{"rendered":"<p>Lavora con Noi Monticello SPA \u00e8 alla ricerca di nuove figure professionali da inserire in organico.Chi \u00e8 interessato pu\u00f2 mandare [&hellip;]<\/p>","protected":false},"author":3,"featured_media":0,"parent":0,"menu_order":0,"comment_status":"closed","ping_status":"closed","template":"","meta":{"_seopress_robots_primary_cat":"","_seopress_titles_title":"","_seopress_titles_desc":"","_seopress_robots_index":"","site-sidebar-layout":"no-sidebar","site-content-layout":"","ast-site-content-layout":"full-width-container","site-content-style":"default","site-sidebar-style":"default","ast-global-header-display":"","ast-banner-title-visibility":"","ast-main-header-display":"","ast-hfb-above-header-display":"","ast-hfb-below-header-display":"","ast-hfb-mobile-header-display":"","site-post-title":"disabled","ast-breadcrumbs-content":"","ast-featured-img":"disabled","footer-sml-layout":"","theme-transparent-header-meta":"default","adv-header-id-meta":"","stick-header-meta":"","header-above-stick-meta":"","header-main-stick-meta":"","header-below-stick-meta":"","astra-migrate-meta-layouts":"set","ast-page-background-enabled":"default","ast-page-background-meta":{"desktop":{"background-color":"var(--ast-global-color-5)","background-image":"","background-repeat":"repeat","background-position":"center center","background-size":"auto","background-attachment":"scroll","background-type":"","background-media":"","overlay-type":"","overlay-color":"","overlay-opacity":"","overlay-gradient":""},"tablet":{"background-color":"","background-image":"","background-repeat":"repeat","background-position":"center center","background-size":"auto","background-attachment":"scroll","background-type":"","background-media":"","overlay-type":"","overlay-color":"","overlay-opacity":"","overlay-gradient":""},"mobile":{"background-color":"","background-image":"","background-repeat":"repeat","background-position":"center center","background-size":"auto","background-attachment":"scroll","background-type":"","background-media":"","overlay-type":"","overlay-color":"","overlay-opacity":"","overlay-gradient":""}},"ast-content-background-meta":{"desktop":{"background-color":"var(--ast-global-color-4)","background-image":"","background-repeat":"repeat","background-position":"center center","background-size":"auto","background-attachment":"scroll","background-type":"","background-media":"","overlay-type":"","overlay-color":"","overlay-opacity":"","overlay-gradient":""},"tablet":{"background-color":"var(--ast-global-color-4)","background-image":"","background-repeat":"repeat","background-position":"center center","background-size":"auto","background-attachment":"scroll","background-type":"","background-media":"","overlay-type":"","overlay-color":"","overlay-opacity":"","overlay-gradient":""},"mobile":{"background-color":"var(--ast-global-color-4)","background-image":"","background-repeat":"repeat","background-position":"center center","background-size":"auto","background-attachment":"scroll","background-type":"","background-media":"","overlay-type":"","overlay-color":"","overlay-opacity":"","overlay-gradient":""}},"footnotes":""},"class_list":["post-849","page","type-page","status-publish","hentry"],"_links":{"self":[{"href":"https:\/\/monticellospa.it\/en\/wp-json\/wp\/v2\/pages\/849","targetHints":{"allow":["GET"]}}],"collection":[{"href":"https:\/\/monticellospa.it\/en\/wp-json\/wp\/v2\/pages"}],"about":[{"href":"https:\/\/monticellospa.it\/en\/wp-json\/wp\/v2\/types\/page"}],"author":[{"embeddable":true,"href":"https:\/\/monticellospa.it\/en\/wp-json\/wp\/v2\/users\/3"}],"replies":[{"embeddable":true,"href":"https:\/\/monticellospa.it\/en\/wp-json\/wp\/v2\/comments?post=849"}],"version-history":[{"count":47,"href":"https:\/\/monticellospa.it\/en\/wp-json\/wp\/v2\/pages\/849\/revisions"}],"predecessor-version":[{"id":221957,"href":"https:\/\/monticellospa.it\/en\/wp-json\/wp\/v2\/pages\/849\/revisions\/221957"}],"wp:attachment":[{"href":"https:\/\/monticellospa.it\/en\/wp-json\/wp\/v2\/media?parent=849"}],"curies":[{"name":"wp","href":"https:\/\/api.w.org\/{rel}","templated":true}]}}